{"id":29,"date":"2020-01-17T15:26:20","date_gmt":"2020-01-17T15:26:20","guid":{"rendered":"https:\/\/demosites.io\/web-agency\/?page_id=29"},"modified":"2025-04-22T16:26:30","modified_gmt":"2025-04-22T08:26:30","slug":"portafoglio-di-agenzie-web-300f0","status":"publish","type":"page","link":"https:\/\/thepackagingmachine.com\/it\/portafoglio-di-agenzie-web-300f0\/","title":{"rendered":"Portfolio"},"content":{"rendered":"<div data-elementor-type=\"wp-page\" data-elementor-id=\"29\" class=\"elementor elementor-29\" data-elementor-post-type=\"page\">\n\t\t\t\t\t\t<section class=\"elementor-section elementor-top-section elementor-element elementor-element-2e1c32a elementor-section-boxed elementor-section-height-default elementor-section-height-default\" data-id=\"2e1c32a\" data-element_type=\"section\">\n\t\t\t\t\t\t<div class=\"elementor-container elementor-column-gap-default\">\n\t\t\t\t\t<div class=\"elementor-column elementor-col-50 elementor-top-column elementor-element elementor-element-6908381\" data-id=\"6908381\" data-element_type=\"column\">\n\t\t\t<div class=\"elementor-widget-wrap elementor-element-populated\">\n\t\t\t\t\t\t<div class=\"elementor-element elementor-element-839b6d8 elementor-widget elementor-widget-heading\" data-id=\"839b6d8\" data-element_type=\"widget\" data-widget_type=\"heading.default\">\n\t\t\t\t<div class=\"elementor-widget-container\">\n\t\t\t\t\t<h1 class=\"elementor-heading-title elementor-size-default\">Il nostro prodotto<\/h1>\t\t\t\t<\/div>\n\t\t\t\t<\/div>\n\t\t\t\t\t<\/div>\n\t\t<\/div>\n\t\t\t\t<div class=\"elementor-column elementor-col-50 elementor-top-column elementor-element elementor-element-3c3823a\" data-id=\"3c3823a\" data-element_type=\"column\">\n\t\t\t<div class=\"elementor-widget-wrap\">\n\t\t\t\t\t\t\t<\/div>\n\t\t<\/div>\n\t\t\t\t\t<\/div>\n\t\t<\/section>\n\t\t\t\t<section class=\"elementor-section elementor-top-section elementor-element elementor-element-1a9919f elementor-section-boxed elementor-section-height-default elementor-section-height-default\" data-id=\"1a9919f\" data-element_type=\"section\" data-settings=\"{&quot;background_background&quot;:&quot;classic&quot;}\">\n\t\t\t\t\t\t<div class=\"elementor-container elementor-column-gap-default\">\n\t\t\t\t\t<div class=\"elementor-column elementor-col-100 elementor-top-column elementor-element elementor-element-2001fdc\" data-id=\"2001fdc\" data-element_type=\"column\">\n\t\t\t<div class=\"elementor-widget-wrap elementor-element-populated\">\n\t\t\t\t\t\t<section class=\"elementor-section elementor-inner-section elementor-element elementor-element-9b00e11 elementor-section-boxed elementor-section-height-default elementor-section-height-default\" data-id=\"9b00e11\" data-element_type=\"section\">\n\t\t\t\t\t\t<div class=\"elementor-container elementor-column-gap-default\">\n\t\t\t\t\t<div class=\"elementor-column elementor-col-50 elementor-inner-column elementor-element elementor-element-2f2a2aa\" data-id=\"2f2a2aa\" data-element_type=\"column\">\n\t\t\t<div class=\"elementor-widget-wrap elementor-element-populated\">\n\t\t\t\t\t\t<div class=\"elementor-element elementor-element-f8dd489 elementor-widget elementor-widget-image\" data-id=\"f8dd489\" data-element_type=\"widget\" data-widget_type=\"image.default\">\n\t\t\t\t<div class=\"elementor-widget-container\">\n\t\t\t\t\t\t\t\t\t\t\t\t\t\t\t<img fetchpriority=\"high\" decoding=\"async\" width=\"1024\" height=\"706\" src=\"https:\/\/images.thepackagingmachine.com\/2023\/12\/envasadora-de-bolsas-prefabricadas-1024x706.png\" class=\"attachment-large size-large wp-image-420\" alt=\"macchina riempitrice di buste prefabbricate\" srcset=\"https:\/\/images.thepackagingmachine.com\/2023\/12\/envasadora-de-bolsas-prefabricadas-1024x706.png 1024w, https:\/\/images.thepackagingmachine.com\/2023\/12\/envasadora-de-bolsas-prefabricadas-300x207.png 300w, https:\/\/images.thepackagingmachine.com\/2023\/12\/envasadora-de-bolsas-prefabricadas-768x530.png 768w, https:\/\/images.thepackagingmachine.com\/2023\/12\/envasadora-de-bolsas-prefabricadas-1536x1059.png 1536w, https:\/\/images.thepackagingmachine.com\/2023\/12\/envasadora-de-bolsas-prefabricadas.png 1566w\" sizes=\"(max-width: 1024px) 100vw, 1024px\" \/>\t\t\t\t\t\t\t\t\t\t\t\t\t\t\t<\/div>\n\t\t\t\t<\/div>\n\t\t\t\t<div class=\"elementor-element elementor-element-d1f18a0 elementor-widget elementor-widget-heading\" data-id=\"d1f18a0\" data-element_type=\"widget\" data-widget_type=\"heading.default\">\n\t\t\t\t<div class=\"elementor-widget-container\">\n\t\t\t\t\t<h3 class=\"elementor-heading-title elementor-size-default\">Macchina confezionatrice per sacchetti preconfezionati<\/h3>\t\t\t\t<\/div>\n\t\t\t\t<\/div>\n\t\t\t\t<div class=\"elementor-element elementor-element-817caf1 elementor-widget elementor-widget-text-editor\" data-id=\"817caf1\" data-element_type=\"widget\" data-widget_type=\"text-editor.default\">\n\t\t\t\t<div class=\"elementor-widget-container\">\n\t\t\t\t\t\t\t\t\t<p>La riempitrice di buste preconfezionate \u00e8 una macchina confezionatrice automatica che alimenta e preleva automaticamente le buste, le codifica, le apre e riempie i prodotti.<\/p>\t\t\t\t\t\t\t\t<\/div>\n\t\t\t\t<\/div>\n\t\t\t\t<div class=\"elementor-element elementor-element-771496a elementor-mobile-align-justify elementor-widget elementor-widget-button\" data-id=\"771496a\" data-element_type=\"widget\" data-widget_type=\"button.default\">\n\t\t\t\t<div class=\"elementor-widget-container\">\n\t\t\t\t\t\t\t\t\t<div class=\"elementor-button-wrapper\">\n\t\t\t\t\t<a class=\"elementor-button elementor-button-link elementor-size-xs\" href=\"https:\/\/thepackagingmachine.com\/it\/pouch-filling-machine\/\">\n\t\t\t\t\t\t<span class=\"elementor-button-content-wrapper\">\n\t\t\t\t\t\t\t\t\t<span class=\"elementor-button-text\">Scopri di pi\u00f9<\/span>\n\t\t\t\t\t<\/span>\n\t\t\t\t\t<\/a>\n\t\t\t\t<\/div>\n\t\t\t\t\t\t\t\t<\/div>\n\t\t\t\t<\/div>\n\t\t\t\t\t<\/div>\n\t\t<\/div>\n\t\t\t\t<div class=\"elementor-column elementor-col-50 elementor-inner-column elementor-element elementor-element-1474f79\" data-id=\"1474f79\" data-element_type=\"column\">\n\t\t\t<div class=\"elementor-widget-wrap elementor-element-populated\">\n\t\t\t\t\t\t<div class=\"elementor-element elementor-element-369a565 elementor-widget elementor-widget-image\" data-id=\"369a565\" data-element_type=\"widget\" data-widget_type=\"image.default\">\n\t\t\t\t<div class=\"elementor-widget-container\">\n\t\t\t\t\t\t\t\t\t\t\t\t\t\t\t<img decoding=\"async\" width=\"750\" height=\"750\" src=\"https:\/\/images.thepackagingmachine.com\/2023\/12\/maquina-de-llenado-y-sellado-vertical.png\" class=\"attachment-large size-large wp-image-421\" alt=\"macchina confezionatrice verticale\" srcset=\"https:\/\/images.thepackagingmachine.com\/2023\/12\/maquina-de-llenado-y-sellado-vertical.png 750w, https:\/\/images.thepackagingmachine.com\/2023\/12\/maquina-de-llenado-y-sellado-vertical-300x300.png 300w, https:\/\/images.thepackagingmachine.com\/2023\/12\/maquina-de-llenado-y-sellado-vertical-150x150.png 150w\" sizes=\"(max-width: 750px) 100vw, 750px\" \/>\t\t\t\t\t\t\t\t\t\t\t\t\t\t\t<\/div>\n\t\t\t\t<\/div>\n\t\t\t\t<div class=\"elementor-element elementor-element-d74c29e elementor-widget elementor-widget-heading\" data-id=\"d74c29e\" data-element_type=\"widget\" data-widget_type=\"heading.default\">\n\t\t\t\t<div class=\"elementor-widget-container\">\n\t\t\t\t\t<h3 class=\"elementor-heading-title elementor-size-default\">Macchina imballatrice VFFS<\/h3>\t\t\t\t<\/div>\n\t\t\t\t<\/div>\n\t\t\t\t<div class=\"elementor-element elementor-element-b09f14a elementor-widget elementor-widget-text-editor\" data-id=\"b09f14a\" data-element_type=\"widget\" data-widget_type=\"text-editor.default\">\n\t\t\t\t<div class=\"elementor-widget-container\">\n\t\t\t\t\t\t\t\t\t<p>Le macchine confezionatrici verticali sono note per la loro elevata velocit\u00e0 di funzionamento, la maggiore produttivit\u00e0 e la capacit\u00e0 di gestire grandi volumi di prodotti.<\/p>\t\t\t\t\t\t\t\t<\/div>\n\t\t\t\t<\/div>\n\t\t\t\t<div class=\"elementor-element elementor-element-ed7c7f9 elementor-mobile-align-justify elementor-widget elementor-widget-button\" data-id=\"ed7c7f9\" data-element_type=\"widget\" data-widget_type=\"button.default\">\n\t\t\t\t<div class=\"elementor-widget-container\">\n\t\t\t\t\t\t\t\t\t<div class=\"elementor-button-wrapper\">\n\t\t\t\t\t<a class=\"elementor-button elementor-button-link elementor-size-xs\" href=\"https:\/\/thepackagingmachine.com\/it\/vertical-fill-seal-machine\/\">\n\t\t\t\t\t\t<span class=\"elementor-button-content-wrapper\">\n\t\t\t\t\t\t\t\t\t<span class=\"elementor-button-text\">Scopri di pi\u00f9<\/span>\n\t\t\t\t\t<\/span>\n\t\t\t\t\t<\/a>\n\t\t\t\t<\/div>\n\t\t\t\t\t\t\t\t<\/div>\n\t\t\t\t<\/div>\n\t\t\t\t\t<\/div>\n\t\t<\/div>\n\t\t\t\t\t<\/div>\n\t\t<\/section>\n\t\t\t\t<section class=\"elementor-section elementor-inner-section elementor-element elementor-element-aa148d9 elementor-section-boxed elementor-section-height-default elementor-section-height-default\" data-id=\"aa148d9\" data-element_type=\"section\">\n\t\t\t\t\t\t<div class=\"elementor-container elementor-column-gap-default\">\n\t\t\t\t\t<div class=\"elementor-column elementor-col-50 elementor-inner-column elementor-element elementor-element-4932c8a\" data-id=\"4932c8a\" data-element_type=\"column\">\n\t\t\t<div class=\"elementor-widget-wrap elementor-element-populated\">\n\t\t\t\t\t\t<div class=\"elementor-element elementor-element-7182dd2 elementor-widget elementor-widget-image\" data-id=\"7182dd2\" data-element_type=\"widget\" data-widget_type=\"image.default\">\n\t\t\t\t<div class=\"elementor-widget-container\">\n\t\t\t\t\t\t\t\t\t\t\t\t\t\t\t<img decoding=\"async\" width=\"1024\" height=\"1024\" src=\"https:\/\/images.thepackagingmachine.com\/2024\/08\/horizontal-flow-wrapping-machine-1024x1024.jpg\" class=\"attachment-large size-large wp-image-2586\" alt=\"confezionatrice orizzontale a flusso continuo\" srcset=\"https:\/\/images.thepackagingmachine.com\/2024\/08\/horizontal-flow-wrapping-machine-1024x1024.jpg 1024w, https:\/\/images.thepackagingmachine.com\/2024\/08\/horizontal-flow-wrapping-machine-300x300.jpg 300w, https:\/\/images.thepackagingmachine.com\/2024\/08\/horizontal-flow-wrapping-machine-150x150.jpg 150w, https:\/\/images.thepackagingmachine.com\/2024\/08\/horizontal-flow-wrapping-machine-768x768.jpg 768w, https:\/\/images.thepackagingmachine.com\/2024\/08\/horizontal-flow-wrapping-machine-1536x1536.jpg 1536w, https:\/\/images.thepackagingmachine.com\/2024\/08\/horizontal-flow-wrapping-machine.jpg 2000w\" sizes=\"(max-width: 1024px) 100vw, 1024px\" \/>\t\t\t\t\t\t\t\t\t\t\t\t\t\t\t<\/div>\n\t\t\t\t<\/div>\n\t\t\t\t<div class=\"elementor-element elementor-element-76cdd69 elementor-widget elementor-widget-heading\" data-id=\"76cdd69\" data-element_type=\"widget\" data-widget_type=\"heading.default\">\n\t\t\t\t<div class=\"elementor-widget-container\">\n\t\t\t\t\t<h3 class=\"elementor-heading-title elementor-size-default\">Macchina confezionatrice HFFS <\/h3>\t\t\t\t<\/div>\n\t\t\t\t<\/div>\n\t\t\t\t<div class=\"elementor-element elementor-element-7ec204f elementor-widget elementor-widget-text-editor\" data-id=\"7ec204f\" data-element_type=\"widget\" data-widget_type=\"text-editor.default\">\n\t\t\t\t<div class=\"elementor-widget-container\">\n\t\t\t\t\t\t\t\t\t<p>La macchina confezionatrice flow pack \u00e8 anche nota come macchina HFFS ed \u00e8 perfetta per i sistemi di confezionamento ad alta velocit\u00e0.<\/p>\t\t\t\t\t\t\t\t<\/div>\n\t\t\t\t<\/div>\n\t\t\t\t<div class=\"elementor-element elementor-element-012d3b7 elementor-mobile-align-justify elementor-widget elementor-widget-button\" data-id=\"012d3b7\" data-element_type=\"widget\" data-widget_type=\"button.default\">\n\t\t\t\t<div class=\"elementor-widget-container\">\n\t\t\t\t\t\t\t\t\t<div class=\"elementor-button-wrapper\">\n\t\t\t\t\t<a class=\"elementor-button elementor-button-link elementor-size-xs\" href=\"https:\/\/thepackagingmachine.com\/it\/flow-packing-machine\/\">\n\t\t\t\t\t\t<span class=\"elementor-button-content-wrapper\">\n\t\t\t\t\t\t\t\t\t<span class=\"elementor-button-text\">Scopri di pi\u00f9<\/span>\n\t\t\t\t\t<\/span>\n\t\t\t\t\t<\/a>\n\t\t\t\t<\/div>\n\t\t\t\t\t\t\t\t<\/div>\n\t\t\t\t<\/div>\n\t\t\t\t\t<\/div>\n\t\t<\/div>\n\t\t\t\t<div class=\"elementor-column elementor-col-50 elementor-inner-column elementor-element elementor-element-5ebd18a\" data-id=\"5ebd18a\" data-element_type=\"column\">\n\t\t\t<div class=\"elementor-widget-wrap elementor-element-populated\">\n\t\t\t\t\t\t<div class=\"elementor-element elementor-element-4e7d70d elementor-widget elementor-widget-image\" data-id=\"4e7d70d\" data-element_type=\"widget\" data-widget_type=\"image.default\">\n\t\t\t\t<div class=\"elementor-widget-container\">\n\t\t\t\t\t\t\t\t\t\t\t\t\t\t\t<img loading=\"lazy\" decoding=\"async\" width=\"768\" height=\"768\" src=\"https:\/\/images.thepackagingmachine.com\/2024\/12\/back-seal-stick-packing-machine-768x768.png\" class=\"attachment-medium_large size-medium_large wp-image-5668\" alt=\"macchina confezionatrice a bastoncino con sigillo posteriore\" srcset=\"https:\/\/images.thepackagingmachine.com\/2024\/12\/back-seal-stick-packing-machine-768x768.png 768w, https:\/\/images.thepackagingmachine.com\/2024\/12\/back-seal-stick-packing-machine-300x300.png 300w, https:\/\/images.thepackagingmachine.com\/2024\/12\/back-seal-stick-packing-machine-1024x1024.png 1024w, https:\/\/images.thepackagingmachine.com\/2024\/12\/back-seal-stick-packing-machine-150x150.png 150w, https:\/\/images.thepackagingmachine.com\/2024\/12\/back-seal-stick-packing-machine-1536x1536.png 1536w, https:\/\/images.thepackagingmachine.com\/2024\/12\/back-seal-stick-packing-machine.png 2000w\" sizes=\"(max-width: 768px) 100vw, 768px\" \/>\t\t\t\t\t\t\t\t\t\t\t\t\t\t\t<\/div>\n\t\t\t\t<\/div>\n\t\t\t\t<div class=\"elementor-element elementor-element-7de6fcd elementor-widget elementor-widget-heading\" data-id=\"7de6fcd\" data-element_type=\"widget\" data-widget_type=\"heading.default\">\n\t\t\t\t<div class=\"elementor-widget-container\">\n\t\t\t\t\t<h3 class=\"elementor-heading-title elementor-size-default\"><a href=\"#\">Macchina imballatrice per bastoncini<\/a><\/h3>\t\t\t\t<\/div>\n\t\t\t\t<\/div>\n\t\t\t\t<div class=\"elementor-element elementor-element-b2781f0 elementor-widget elementor-widget-text-editor\" data-id=\"b2781f0\" data-element_type=\"widget\" data-widget_type=\"text-editor.default\">\n\t\t\t\t<div class=\"elementor-widget-container\">\n\t\t\t\t\t\t\t\t\t<p>La macchina confezionatrice per stick \u00e8 specifica per sacchetti stick ed \u00e8 utilizzata per liquidi, polveri e solidi.<\/p>\t\t\t\t\t\t\t\t<\/div>\n\t\t\t\t<\/div>\n\t\t\t\t<div class=\"elementor-element elementor-element-615cbc6 elementor-mobile-align-justify elementor-widget elementor-widget-button\" data-id=\"615cbc6\" data-element_type=\"widget\" data-widget_type=\"button.default\">\n\t\t\t\t<div class=\"elementor-widget-container\">\n\t\t\t\t\t\t\t\t\t<div class=\"elementor-button-wrapper\">\n\t\t\t\t\t<a class=\"elementor-button elementor-button-link elementor-size-xs\" href=\"https:\/\/thepackagingmachine.com\/it\/stick-packing-machine\/\">\n\t\t\t\t\t\t<span class=\"elementor-button-content-wrapper\">\n\t\t\t\t\t\t\t\t\t<span class=\"elementor-button-text\">Scopri di pi\u00f9<\/span>\n\t\t\t\t\t<\/span>\n\t\t\t\t\t<\/a>\n\t\t\t\t<\/div>\n\t\t\t\t\t\t\t\t<\/div>\n\t\t\t\t<\/div>\n\t\t\t\t\t<\/div>\n\t\t<\/div>\n\t\t\t\t\t<\/div>\n\t\t<\/section>\n\t\t\t\t\t<\/div>\n\t\t<\/div>\n\t\t\t\t\t<\/div>\n\t\t<\/section>\n\t\t\t\t<section class=\"elementor-section elementor-top-section elementor-element elementor-element-2c7a5fe elementor-section-boxed elementor-section-height-default elementor-section-height-default\" data-id=\"2c7a5fe\" data-element_type=\"section\" data-settings=\"{&quot;background_background&quot;:&quot;classic&quot;}\">\n\t\t\t\t\t\t<div class=\"elementor-container elementor-column-gap-default\">\n\t\t\t\t\t<div class=\"elementor-column elementor-col-100 elementor-top-column elementor-element elementor-element-af0d17d\" data-id=\"af0d17d\" data-element_type=\"column\" data-settings=\"{&quot;background_background&quot;:&quot;classic&quot;}\">\n\t\t\t<div class=\"elementor-widget-wrap elementor-element-populated\">\n\t\t\t\t\t\t<div class=\"elementor-element elementor-element-9be4863 elementor--star-style-star_unicode elementor-star-rating--align-center elementor-star-rating-mobile--align-center elementor-widget elementor-widget-star-rating\" data-id=\"9be4863\" data-element_type=\"widget\" data-widget_type=\"star-rating.default\">\n\t\t\t\t<div class=\"elementor-widget-container\">\n\t\t\t\t\t\n\t\t<div class=\"elementor-star-rating__wrapper\">\n\t\t\t\t\t\t<div class=\"elementor-star-rating\" title=\"5\/5\" itemtype=\"http:\/\/schema.org\/Rating\" itemscope=\"\" itemprop=\"reviewRating\"><i class=\"elementor-star-full\">&#9733;<\/i><i class=\"elementor-star-full\">&#9733;<\/i><i class=\"elementor-star-full\">&#9733;<\/i><i class=\"elementor-star-full\">&#9733;<\/i><i class=\"elementor-star-full\">&#9733;<\/i> <span itemprop=\"ratingValue\" class=\"elementor-screen-only\">5\/5<\/span><\/div>\t\t<\/div>\n\t\t\t\t\t\t<\/div>\n\t\t\t\t<\/div>\n\t\t\t\t<div class=\"elementor-element elementor-element-5f994cd elementor-widget elementor-widget-testimonial\" data-id=\"5f994cd\" data-element_type=\"widget\" data-widget_type=\"testimonial.default\">\n\t\t\t\t<div class=\"elementor-widget-container\">\n\t\t\t\t\t\t\t<div class=\"elementor-testimonial-wrapper\">\n\t\t\t\t\t\t\t<div class=\"elementor-testimonial-content\">Puoi fidarti completamente di LTC. Perch\u00e9 abbiamo scelto LTC Pack alla fine? Per la velocit\u00e0 del loro servizio, la qualit\u00e0 delle macchine imballatrici automatiche e la consegna puntuale.<\/div>\n\t\t\t\n\t\t\t\t\t\t<div class=\"elementor-testimonial-meta elementor-has-image elementor-testimonial-image-position-aside\">\n\t\t\t\t<div class=\"elementor-testimonial-meta-inner\">\n\t\t\t\t\t\t\t\t\t\t\t<div class=\"elementor-testimonial-image\">\n\t\t\t\t\t\t\t<img loading=\"lazy\" decoding=\"async\" width=\"150\" height=\"150\" src=\"https:\/\/images.thepackagingmachine.com\/2024\/08\/ava1-150x150.png\" class=\"attachment-thumbnail size-thumbnail wp-image-2028\" alt=\"ava1.png\" srcset=\"https:\/\/images.thepackagingmachine.com\/2024\/08\/ava1-150x150.png 150w, https:\/\/images.thepackagingmachine.com\/2024\/08\/ava1-300x300.png 300w, https:\/\/images.thepackagingmachine.com\/2024\/08\/ava1.png 400w\" sizes=\"(max-width: 150px) 100vw, 150px\" \/>\t\t\t\t\t\t<\/div>\n\t\t\t\t\t\n\t\t\t\t\t\t\t\t\t\t<div class=\"elementor-testimonial-details\">\n\t\t\t\t\t\t\t\t\t\t\t\t\t\t<div class=\"elementor-testimonial-name\">La mia vita \u00e8 bella<\/div>\n\t\t\t\t\t\t\t\t\t\t\t\t\t\t\t\t\t\t\t\t\t\t<div class=\"elementor-testimonial-job\">Co-fondatore<\/div>\n\t\t\t\t\t\t\t\t\t\t\t\t\t<\/div>\n\t\t\t\t\t\t\t\t\t<\/div>\n\t\t\t<\/div>\n\t\t\t\t\t<\/div>\n\t\t\t\t\t\t<\/div>\n\t\t\t\t<\/div>\n\t\t\t\t\t<\/div>\n\t\t<\/div>\n\t\t\t\t\t<\/div>\n\t\t<\/section>\n\t\t\t\t<\/div>","protected":false},"excerpt":{"rendered":"<p>Il nostro prodotto Macchina confezionatrice per buste preconfezionate La macchina riempitrice per buste preconfezionate \u00e8 una macchina confezionatrice automatica che alimenta e preleva automaticamente le buste, codifica, apre le buste e riempie i prodotti. Scopri di pi\u00f9 Macchina confezionatrice VFFS Le macchine verticali per riempimento e sigillatura sono note per il loro funzionamento ad alta velocit\u00e0, la maggiore produzione e l&#039;idoneit\u00e0 per volumi di prodotto maggiori. Scopri di pi\u00f9\u2026&nbsp;<a href=\"https:\/\/thepackagingmachine.com\/it\/portafoglio-di-agenzie-web-300f0\/\" rel=\"bookmark\">Per saperne di pi\u00f9 &quot;<span class=\"screen-reader-text\">Portfolio<\/span><\/a><\/p>","protected":false},"author":1,"featured_media":0,"parent":0,"menu_order":0,"comment_status":"closed","ping_status":"closed","template":"elementor_header_footer","meta":{"_seopress_robots_primary_cat":"","_seopress_titles_title":"","_seopress_titles_desc":"","_seopress_robots_index":"","neve_meta_sidebar":"full-width","neve_meta_container":"","neve_meta_enable_content_width":"on","neve_meta_content_width":100,"neve_meta_title_alignment":"","neve_meta_author_avatar":"","neve_post_elements_order":"","neve_meta_disable_header":"","neve_meta_disable_footer":"","neve_meta_disable_title":"","neve_meta_reading_time":"","footnotes":""},"class_list":["post-29","page","type-page","status-publish","hentry"],"_links":{"self":[{"href":"https:\/\/thepackagingmachine.com\/it\/wp-json\/wp\/v2\/pages\/29","targetHints":{"allow":["GET"]}}],"collection":[{"href":"https:\/\/thepackagingmachine.com\/it\/wp-json\/wp\/v2\/pages"}],"about":[{"href":"https:\/\/thepackagingmachine.com\/it\/wp-json\/wp\/v2\/types\/page"}],"author":[{"embeddable":true,"href":"https:\/\/thepackagingmachine.com\/it\/wp-json\/wp\/v2\/users\/1"}],"replies":[{"embeddable":true,"href":"https:\/\/thepackagingmachine.com\/it\/wp-json\/wp\/v2\/comments?post=29"}],"version-history":[{"count":12,"href":"https:\/\/thepackagingmachine.com\/it\/wp-json\/wp\/v2\/pages\/29\/revisions"}],"predecessor-version":[{"id":17113,"href":"https:\/\/thepackagingmachine.com\/it\/wp-json\/wp\/v2\/pages\/29\/revisions\/17113"}],"wp:attachment":[{"href":"https:\/\/thepackagingmachine.com\/it\/wp-json\/wp\/v2\/media?parent=29"}],"curies":[{"name":"parola chiave","href":"https:\/\/api.w.org\/{rel}","templated":true}]}}